{"id":1824,"date":"2024-12-17T08:45:45","date_gmt":"2024-12-17T08:45:45","guid":{"rendered":"https:\/\/atir.be\/formation-technique-de-qualite\/"},"modified":"2025-06-27T19:34:19","modified_gmt":"2025-06-27T19:34:19","slug":"formation-technique-de-qualite","status":"publish","type":"page","link":"https:\/\/atir.be\/fr\/formation-technique-de-qualite\/","title":{"rendered":"Formation technique de qualit\u00e9"},"content":{"rendered":"\t\t<div data-elementor-type=\"wp-page\" data-elementor-id=\"1824\" class=\"elementor elementor-1824 elementor-1146\" data-elementor-post-type=\"page\">\n\t\t\t\t<div class=\"elementor-element elementor-element-b8d2afb e-con-full e-flex e-con e-parent\" data-id=\"b8d2afb\" data-element_type=\"container\" data-e-type=\"container\" data-settings=\"{&quot;background_background&quot;:&quot;classic&quot;}\">\n\t\t\t\t<div class=\"elementor-element elementor-element-3ae4b7f elementor-widget elementor-widget-heading\" data-id=\"3ae4b7f\" data-element_type=\"widget\" data-e-type=\"widget\" data-widget_type=\"heading.default\">\n\t\t\t\t<div class=\"elementor-widget-container\">\n\t\t\t\t\t<h1 class=\"elementor-heading-title elementor-size-default\">Formation technique de qualit\u00e9<\/h1>\t\t\t\t<\/div>\n\t\t\t\t<\/div>\n\t\t\t\t<\/div>\n\t\t<div class=\"elementor-element elementor-element-0e5191c e-flex e-con-boxed e-con e-parent\" data-id=\"0e5191c\" data-element_type=\"container\" data-e-type=\"container\">\n\t\t\t\t\t<div class=\"e-con-inner\">\n\t\t\t\t<div class=\"elementor-element elementor-element-bfdbdaf elementor-widget__width-initial elementor-widget-divider--view-line elementor-widget elementor-widget-divider\" data-id=\"bfdbdaf\" data-element_type=\"widget\" data-e-type=\"widget\" data-widget_type=\"divider.default\">\n\t\t\t\t<div class=\"elementor-widget-container\">\n\t\t\t\t\t\t\t<div class=\"elementor-divider\">\n\t\t\t<span class=\"elementor-divider-separator\">\n\t\t\t\t\t\t<\/span>\n\t\t<\/div>\n\t\t\t\t\t\t<\/div>\n\t\t\t\t<\/div>\n\t\t\t\t<div class=\"elementor-element elementor-element-a7afde2 elementor-widget__width-initial elementor-widget elementor-widget-text-editor\" data-id=\"a7afde2\" data-element_type=\"widget\" data-e-type=\"widget\" data-widget_type=\"text-editor.default\">\n\t\t\t\t<div class=\"elementor-widget-container\">\n\t\t\t\t\t\t\t\t\t<p>Chez ATIR, nous proposons divers cours de formation technique de qualit\u00e9 qui optimisent les processus de nettoyage et d&rsquo;installation de votre organisation.<\/p>\n<p>Nos cours de formation visent \u00e0 garantir les normes les plus \u00e9lev\u00e9es et \u00e0 am\u00e9liorer l&rsquo;efficacit\u00e9 au sein de votre organisation.<\/p>\n\t\t\t\t\t\t\t\t<\/div>\n\t\t\t\t<\/div>\n\t\t\t\t\t<\/div>\n\t\t\t\t<\/div>\n\t\t<div class=\"elementor-element elementor-element-234409b e-flex e-con-boxed e-con e-parent\" data-id=\"234409b\" data-element_type=\"container\" data-e-type=\"container\">\n\t\t\t\t\t<div class=\"e-con-inner\">\n\t\t<div class=\"elementor-element elementor-element-cde74d2 e-con-full e-flex e-con e-child\" data-id=\"cde74d2\" data-element_type=\"container\" data-e-type=\"container\">\n\t\t<div class=\"elementor-element elementor-element-32f3c8f e-con-full e-flex e-con e-child\" data-id=\"32f3c8f\" data-element_type=\"container\" data-e-type=\"container\">\n\t\t<div class=\"elementor-element elementor-element-a0e5a41 e-con-full e-flex e-con e-child\" data-id=\"a0e5a41\" data-element_type=\"container\" data-e-type=\"container\" data-settings=\"{&quot;background_background&quot;:&quot;classic&quot;}\">\n\t\t\t\t<div class=\"elementor-element elementor-element-f1a672c elementor-widget elementor-widget-image-box\" data-id=\"f1a672c\" data-element_type=\"widget\" data-e-type=\"widget\" data-widget_type=\"image-box.default\">\n\t\t\t\t<div class=\"elementor-widget-container\">\n\t\t\t\t\t<div class=\"elementor-image-box-wrapper\"><div class=\"elementor-image-box-content\"><h3 class=\"elementor-image-box-title\">DKS (Syst\u00e8me de contr\u00f4le quotidien)<\/h3><p class=\"elementor-image-box-description\">Cette formation enseigne \u00e0 vos employ\u00e9s comment surveiller et contr\u00f4ler efficacement les activit\u00e9s de nettoyage quotidiennes. Le DKS est un outil puissant pour assurer la coh\u00e9rence et la qualit\u00e9 des activit\u00e9s de nettoyage quotidiennes. Notre syst\u00e8me de mesure DKS est enti\u00e8rement num\u00e9ris\u00e9 gr\u00e2ce \u00e0 notre application DKS.<\/p><\/div><\/div>\t\t\t\t<\/div>\n\t\t\t\t<\/div>\n\t\t\t\t<\/div>\n\t\t<div class=\"elementor-element elementor-element-ebe438b e-con-full e-flex e-con e-child\" data-id=\"ebe438b\" data-element_type=\"container\" data-e-type=\"container\" data-settings=\"{&quot;background_background&quot;:&quot;classic&quot;}\">\n\t\t\t\t<div class=\"elementor-element elementor-element-ab0bb3d elementor-widget elementor-widget-image-box\" data-id=\"ab0bb3d\" data-element_type=\"widget\" data-e-type=\"widget\" data-widget_type=\"image-box.default\">\n\t\t\t\t<div class=\"elementor-widget-container\">\n\t\t\t\t\t<div class=\"elementor-image-box-wrapper\"><div class=\"elementor-image-box-content\"><h3 class=\"elementor-image-box-title\">VSR-KMS Inspection de la qualit\u00e9<\/h3><p class=\"elementor-image-box-description\">Cette formation est ax\u00e9e sur l\u2019explication du syst\u00e8me de contr\u00f4le qualit\u00e9 VSR-KMS. Elle aide votre \u00e9quipe \u00e0 inspecter et \u00e9valuer les r\u00e9sultats du nettoyage de mani\u00e8re structur\u00e9e avec nos experts, afin d\u2019apporter des am\u00e9liorations en temps opportun. Cette formation dure une demi-journ\u00e9e.<\/p><\/div><\/div>\t\t\t\t<\/div>\n\t\t\t\t<\/div>\n\t\t\t\t<\/div>\n\t\t\t\t<\/div>\n\t\t\t\t<\/div>\n\t\t\t\t\t<\/div>\n\t\t\t\t<\/div>\n\t\t<div class=\"elementor-element elementor-element-e6a412a e-flex e-con-boxed e-con e-parent\" data-id=\"e6a412a\" data-element_type=\"container\" data-e-type=\"container\" data-settings=\"{&quot;background_background&quot;:&quot;classic&quot;}\">\n\t\t\t\t\t<div class=\"e-con-inner\">\n\t\t\t\t<div class=\"elementor-element elementor-element-06684c3 elementor-widget__width-initial elementor-widget elementor-widget-text-editor\" data-id=\"06684c3\" data-element_type=\"widget\" data-e-type=\"widget\" data-widget_type=\"text-editor.default\">\n\t\t\t\t<div class=\"elementor-widget-container\">\n\t\t\t\t\t\t\t\t\t<p>Nos formations sont toujours con\u00e7ues sur mesure. Vous pouvez choisir une formation unique d&rsquo;une demi-journ\u00e9e ou, par exemple, un programme de six mois dans le cadre duquel des conseils sont prodigu\u00e9s sur le lieu de travail.<\/p>\n\t\t\t\t\t\t\t\t<\/div>\n\t\t\t\t<\/div>\n\t\t\t\t<div class=\"elementor-element elementor-element-41eb4f7 elementor-widget elementor-widget-button\" data-id=\"41eb4f7\" data-element_type=\"widget\" data-e-type=\"widget\" data-widget_type=\"button.default\">\n\t\t\t\t<div class=\"elementor-widget-container\">\n\t\t\t\t\t\t\t\t\t<div class=\"elementor-button-wrapper\">\n\t\t\t\t\t<a class=\"elementor-button elementor-button-link elementor-size-sm\" href=\"https:\/\/atir.be\/contact\/\">\n\t\t\t\t\t\t<span class=\"elementor-button-content-wrapper\">\n\t\t\t\t\t\t\t\t\t<span class=\"elementor-button-text\">Contactez-nous pour plus d'informations<\/span>\n\t\t\t\t\t<\/span>\n\t\t\t\t\t<\/a>\n\t\t\t\t<\/div>\n\t\t\t\t\t\t\t\t<\/div>\n\t\t\t\t<\/div>\n\t\t\t\t\t<\/div>\n\t\t\t\t<\/div>\n\t\t\t\t<\/div>\n\t\t","protected":false},"excerpt":{"rendered":"<p>Formation technique de qualit\u00e9 Chez ATIR, nous proposons divers cours de formation technique de qualit\u00e9 qui optimisent les processus de nettoyage et d&rsquo;installation de votre organisation. Nos cours de formation visent \u00e0 garantir les normes les plus \u00e9lev\u00e9es et \u00e0 am\u00e9liorer l&rsquo;efficacit\u00e9 au sein de votre organisation. DKS (Syst\u00e8me de contr\u00f4le quotidien) Cette formation enseigne [&hellip;]<\/p>\n","protected":false},"author":1,"featured_media":0,"parent":0,"menu_order":0,"comment_status":"closed","ping_status":"closed","template":"elementor_header_footer","meta":{"_acf_changed":false,"footnotes":""},"class_list":["post-1824","page","type-page","status-publish","hentry"],"acf":[],"_links":{"self":[{"href":"https:\/\/atir.be\/fr\/wp-json\/wp\/v2\/pages\/1824","targetHints":{"allow":["GET"]}}],"collection":[{"href":"https:\/\/atir.be\/fr\/wp-json\/wp\/v2\/pages"}],"about":[{"href":"https:\/\/atir.be\/fr\/wp-json\/wp\/v2\/types\/page"}],"author":[{"embeddable":true,"href":"https:\/\/atir.be\/fr\/wp-json\/wp\/v2\/users\/1"}],"replies":[{"embeddable":true,"href":"https:\/\/atir.be\/fr\/wp-json\/wp\/v2\/comments?post=1824"}],"version-history":[{"count":7,"href":"https:\/\/atir.be\/fr\/wp-json\/wp\/v2\/pages\/1824\/revisions"}],"predecessor-version":[{"id":2444,"href":"https:\/\/atir.be\/fr\/wp-json\/wp\/v2\/pages\/1824\/revisions\/2444"}],"wp:attachment":[{"href":"https:\/\/atir.be\/fr\/wp-json\/wp\/v2\/media?parent=1824"}],"curies":[{"name":"wp","href":"https:\/\/api.w.org\/{rel}","templated":true}]}}